{"id":983,"date":"2021-01-11T13:57:49","date_gmt":"2021-01-11T19:57:49","guid":{"rendered":"http:\/\/axion-cap.com\/web\/?page_id=983"},"modified":"2021-01-11T21:51:57","modified_gmt":"2021-01-12T03:51:57","slug":"asesores-en-negocios","status":"publish","type":"page","link":"http:\/\/axion-cap.com\/web\/?page_id=983&lang=es","title":{"rendered":"Asesores en Negocios"},"content":{"rendered":"\t\t<div data-elementor-type=\"wp-page\" data-elementor-id=\"983\" class=\"elementor elementor-983\" data-elementor-settings=\"[]\">\n\t\t\t\t\t\t<div class=\"elementor-inner\">\n\t\t\t\t\t\t\t<div class=\"elementor-section-wrap\">\n\t\t\t\t\t\t\t<section class=\"elementor-section elementor-top-section elementor-element elementor-element-249d1fa elementor-section-boxed elementor-section-height-default elementor-section-height-default\" data-id=\"249d1fa\" data-element_type=\"section\" data-settings=\"{&quot;background_background&quot;:&quot;classic&quot;}\">\n\t\t\t\t\t\t\t<div class=\"elementor-background-overlay\"><\/div>\n\t\t\t\t\t\t\t<div class=\"elementor-container elementor-column-gap-default\">\n\t\t\t\t\t\t\t<div class=\"elementor-row\">\n\t\t\t\t\t<div class=\"elementor-column elementor-col-100 elementor-top-column elementor-element elementor-element-a0fe3d4\" data-id=\"a0fe3d4\" data-element_type=\"column\">\n\t\t\t<div class=\"elementor-column-wrap elementor-element-populated\">\n\t\t\t\t\t\t\t<div class=\"elementor-widget-wrap\">\n\t\t\t\t\t\t<div class=\"elementor-element elementor-element-e6fcabe elementor-widget elementor-widget-heading\" data-id=\"e6fcabe\" data-element_type=\"widget\" data-widget_type=\"heading.default\">\n\t\t\t\t<div class=\"elementor-widget-container\">\n\t\t\t<h1 class=\"elementor-heading-title elementor-size-default\">ASESORES EN NEGOCIOS<\/h1>\t\t<\/div>\n\t\t\t\t<\/div>\n\t\t\t\t<div class=\"elementor-element elementor-element-8c67dc1 elementor-widget elementor-widget-spacer\" data-id=\"8c67dc1\" data-element_type=\"widget\" data-widget_type=\"spacer.default\">\n\t\t\t\t<div class=\"elementor-widget-container\">\n\t\t\t\t\t<div class=\"elementor-spacer\">\n\t\t\t<div class=\"elementor-spacer-inner\"><\/div>\n\t\t<\/div>\n\t\t\t\t<\/div>\n\t\t\t\t<\/div>\n\t\t\t\t<div class=\"elementor-element elementor-element-17f6312 elementor-position-left elementor-vertical-align-top elementor-widget elementor-widget-image-box\" data-id=\"17f6312\" data-element_type=\"widget\" data-widget_type=\"image-box.default\">\n\t\t\t\t<div class=\"elementor-widget-container\">\n\t\t\t<div class=\"elementor-image-box-wrapper\"><figure class=\"elementor-image-box-img\"><img width=\"37\" height=\"36\" src=\"http:\/\/axion-cap.com\/web\/wp-content\/uploads\/2021\/01\/bullet.png\" class=\"attachment-full size-full\" alt=\"\" loading=\"lazy\" \/><\/figure><div class=\"elementor-image-box-content\"><div class=\"elementor-image-box-title\">PLANES Y MODELOS DE NEGOCIOS<\/div><p class=\"elementor-image-box-description\">Desarrollamos los planes de cada cliente con <span style='font-weight:bold'>nuestro proceso patentado <\/span>  <span style='font-style:italic;'>(THE <\/span><span style='font-style:italic;font-weight:bold;font-style:italic;'>e<\/span><span style='font-style:italic;'>STRATEGY\u00ae)<\/span>  en forma pr\u00e1ctica, para ayudarlos a estructurar, repensar y <span style='font-weight:bold'>articular<\/span> ideas, <span style='font-weight:bold'>tecnolog\u00eda requerida<\/span> y <span style='font-weight:bold'>modelos de negocios factibles <\/span> para ellos.<\/p><\/div><\/div>\t\t<\/div>\n\t\t\t\t<\/div>\n\t\t\t\t<div class=\"elementor-element elementor-element-4adc3a9 elementor-position-left elementor-vertical-align-top elementor-widget elementor-widget-image-box\" data-id=\"4adc3a9\" data-element_type=\"widget\" data-widget_type=\"image-box.default\">\n\t\t\t\t<div class=\"elementor-widget-container\">\n\t\t\t<div class=\"elementor-image-box-wrapper\"><figure class=\"elementor-image-box-img\"><img width=\"37\" height=\"36\" src=\"http:\/\/axion-cap.com\/web\/wp-content\/uploads\/2021\/01\/bullet.png\" class=\"attachment-full size-full\" alt=\"\" loading=\"lazy\" \/><\/figure><div class=\"elementor-image-box-content\"><div class=\"elementor-image-box-title\">VALUACIONES<\/div><p class=\"elementor-image-box-description\"><span style='font-weight:bold'>Ejecutamos valuaciones de empresas, proyectos y de propiedad intelectual <\/span>para la venta, compra y revaluaci\u00f3n interna de activos, tanto como base para operaciones de <span style='font-weight:bold'>fusiones y adquisiciones, como de alianzas estrat\u00e9gicas.\n<\/span><\/p><\/div><\/div>\t\t<\/div>\n\t\t\t\t<\/div>\n\t\t\t\t<div class=\"elementor-element elementor-element-0fc5c11 elementor-position-left elementor-vertical-align-top elementor-widget elementor-widget-image-box\" data-id=\"0fc5c11\" data-element_type=\"widget\" data-widget_type=\"image-box.default\">\n\t\t\t\t<div class=\"elementor-widget-container\">\n\t\t\t<div class=\"elementor-image-box-wrapper\"><figure class=\"elementor-image-box-img\"><img width=\"37\" height=\"36\" src=\"http:\/\/axion-cap.com\/web\/wp-content\/uploads\/2021\/01\/bullet.png\" class=\"attachment-full size-full\" alt=\"\" loading=\"lazy\" \/><\/figure><div class=\"elementor-image-box-content\"><div class=\"elementor-image-box-title\">EVALUACI\u00d3N DE PROYECTOS<\/div><p class=\"elementor-image-box-description\">Evaluamos proyectos para nuestros clientes mediante un <span style='font-weight:bold'>proceso sistem\u00e1tico y objetivo; <\/span> nuestro objetivo es <span style='font-weight:bold'>determinar para estos clientes \n<\/span> la relevancia y el nivel de logro de los objetivos del proyecto, la efectividad del desarrollo, la eficiencia, el impacto y la sostenibilidad.<\/p><\/div><\/div>\t\t<\/div>\n\t\t\t\t<\/div>\n\t\t\t\t<div class=\"elementor-element elementor-element-9396f94 elementor-position-left elementor-vertical-align-top elementor-widget elementor-widget-image-box\" data-id=\"9396f94\" data-element_type=\"widget\" data-widget_type=\"image-box.default\">\n\t\t\t\t<div class=\"elementor-widget-container\">\n\t\t\t<div class=\"elementor-image-box-wrapper\"><figure class=\"elementor-image-box-img\"><img width=\"37\" height=\"36\" src=\"http:\/\/axion-cap.com\/web\/wp-content\/uploads\/2021\/01\/bullet.png\" class=\"attachment-full size-full\" alt=\"\" loading=\"lazy\" \/><\/figure><div class=\"elementor-image-box-content\"><div class=\"elementor-image-box-title\">DESARROLLO DE PROYECTOS<\/div><p class=\"elementor-image-box-description\">Apoyamos o ejecutamos para nuestros clientes  <span style='font-weight:bold'>la estructuraci\u00f3n de proyectos <\/span> al trav\u00e9s de an\u00e1lisis de factibilidad de negocios, tomando en cuenta todos los puntos clave para el mismo: mercado, competencia, requerimientos humanos, tecnol\u00f3gicos y financieros. Aparte de esto, evaluamos la factibilidad dentro de la oportunidad de implantaci\u00f3n del proyecto (time to market).\n<\/p><\/div><\/div>\t\t<\/div>\n\t\t\t\t<\/div>\n\t\t\t\t<div class=\"elementor-element elementor-element-a69a44d elementor-position-left elementor-vertical-align-top elementor-widget elementor-widget-image-box\" data-id=\"a69a44d\" data-element_type=\"widget\" data-widget_type=\"image-box.default\">\n\t\t\t\t<div class=\"elementor-widget-container\">\n\t\t\t<div class=\"elementor-image-box-wrapper\"><figure class=\"elementor-image-box-img\"><img width=\"37\" height=\"36\" src=\"http:\/\/axion-cap.com\/web\/wp-content\/uploads\/2021\/01\/bullet.png\" class=\"attachment-full size-full\" alt=\"\" loading=\"lazy\" \/><\/figure><div class=\"elementor-image-box-content\"><div class=\"elementor-image-box-title\">DESARROLLO DE PROCESOS DE VENTAS<\/div><p class=\"elementor-image-box-description\">Implementamos procesos de  <span style='font-weight:bold'>buenas pr\u00e1cticas en ventas para nuestros clientes;<\/span> alineamos sus estructuras comerciales y las <span style='font-weight:bold'>las hacemos ganadoras con los KPIs <\/span> que quieran ver a corto plazo;  <span style='font-weight:bold'>nuestro objetivo es llevar sus ventas a otros niveles <\/span> con nuestra experiencia de m\u00e1s de 30 a\u00f1os tanto en \n<span style='font-weight:bold'>venta consultiva como transaccional; <\/span> elaboramos sus planes comerciales alineados a objetivos de rentabilidad y crecimiento; ubicamos al <span style='font-weight:bold'>equipo adecuado <\/span> con planes de capacitaci\u00f3n acelerada para que <span style='font-weight:bold'>obtengan tanto los resultados como la productividad comprobable.\n<\/span><\/p><\/div><\/div>\t\t<\/div>\n\t\t\t\t<\/div>\n\t\t\t\t<div class=\"elementor-element elementor-element-8d535df elementor-position-left elementor-vertical-align-top elementor-widget elementor-widget-image-box\" data-id=\"8d535df\" data-element_type=\"widget\" data-widget_type=\"image-box.default\">\n\t\t\t\t<div class=\"elementor-widget-container\">\n\t\t\t<div class=\"elementor-image-box-wrapper\"><figure class=\"elementor-image-box-img\"><img width=\"37\" height=\"36\" src=\"http:\/\/axion-cap.com\/web\/wp-content\/uploads\/2021\/01\/bullet.png\" class=\"attachment-full size-full\" alt=\"\" loading=\"lazy\" \/><\/figure><div class=\"elementor-image-box-content\"><div class=\"elementor-image-box-title\">DESARROLLO DEL GOBIERNO CORPORATIVO<\/div><p class=\"elementor-image-box-description\"><span style='font-weight:bold'>Desarrollamos procesos de buenas pr\u00e1cticas en gobierno corporativo <\/span> que aportan seguridad econ\u00f3mica y jur\u00eddica, fomentando el crecimiento sostenible de las empresas, al promover los <span style='font-weight:bold'>\u00f3rganos de gobierno<\/span> correspondientes:  <span style='font-weight:bold'>\u00a0junta directiva y consejo de administraci\u00f3n entre otros, <\/span> primordiales sobre todo para empresas familiares en su proceso de consolidaci\u00f3n.\n<\/p><\/div><\/div>\t\t<\/div>\n\t\t\t\t<\/div>\n\t\t\t\t\t\t<\/div>\n\t\t\t\t\t<\/div>\n\t\t<\/div>\n\t\t\t\t\t\t\t\t<\/div>\n\t\t\t\t\t<\/div>\n\t\t<\/section>\n\t\t\t\t\t\t<\/div>\n\t\t\t\t\t\t<\/div>\n\t\t\t\t\t<\/div>\n\t\t","protected":false},"excerpt":{"rendered":"<p>ASESORES EN NEGOCIOS PLANES Y MODELOS DE NEGOCIOS Desarrollamos los planes de cada cliente con nuestro proceso patentado (THE eSTRATEGY<\/p>\n","protected":false},"author":1,"featured_media":0,"parent":0,"menu_order":0,"comment_status":"closed","ping_status":"closed","template":"elementor_header_footer","meta":[],"_links":{"self":[{"href":"http:\/\/axion-cap.com\/web\/index.php?rest_route=\/wp\/v2\/pages\/983"}],"collection":[{"href":"http:\/\/axion-cap.com\/web\/index.php?rest_route=\/wp\/v2\/pages"}],"about":[{"href":"http:\/\/axion-cap.com\/web\/index.php?rest_route=\/wp\/v2\/types\/page"}],"author":[{"embeddable":true,"href":"http:\/\/axion-cap.com\/web\/index.php?rest_route=\/wp\/v2\/users\/1"}],"replies":[{"embeddable":true,"href":"http:\/\/axion-cap.com\/web\/index.php?rest_route=%2Fwp%2Fv2%2Fcomments&post=983"}],"version-history":[{"count":51,"href":"http:\/\/axion-cap.com\/web\/index.php?rest_route=\/wp\/v2\/pages\/983\/revisions"}],"predecessor-version":[{"id":1206,"href":"http:\/\/axion-cap.com\/web\/index.php?rest_route=\/wp\/v2\/pages\/983\/revisions\/1206"}],"wp:attachment":[{"href":"http:\/\/axion-cap.com\/web\/index.php?rest_route=%2Fwp%2Fv2%2Fmedia&parent=983"}],"curies":[{"name":"wp","href":"https:\/\/api.w.org\/{rel}","templated":true}]}}