{"id":1339,"date":"2021-01-12T17:52:12","date_gmt":"2021-01-12T23:52:12","guid":{"rendered":"http:\/\/axion-cap.com\/web\/?page_id=1339"},"modified":"2021-01-13T01:56:21","modified_gmt":"2021-01-13T07:56:21","slug":"banqueros-de-inversion","status":"publish","type":"page","link":"http:\/\/axion-cap.com\/web\/?page_id=1339&lang=es","title":{"rendered":"Banqueros de Inversi"},"content":{"rendered":"\t\t<div data-elementor-type=\"wp-page\" data-elementor-id=\"1339\" class=\"elementor elementor-1339\" data-elementor-settings=\"[]\">\n\t\t\t\t\t\t<div class=\"elementor-inner\">\n\t\t\t\t\t\t\t<div class=\"elementor-section-wrap\">\n\t\t\t\t\t\t\t<section class=\"elementor-section elementor-top-section elementor-element elementor-element-249d1fa elementor-section-boxed elementor-section-height-default elementor-section-height-default\" data-id=\"249d1fa\" data-element_type=\"section\" data-settings=\"{&quot;background_background&quot;:&quot;classic&quot;}\">\n\t\t\t\t\t\t\t<div class=\"elementor-background-overlay\"><\/div>\n\t\t\t\t\t\t\t<div class=\"elementor-container elementor-column-gap-default\">\n\t\t\t\t\t\t\t<div class=\"elementor-row\">\n\t\t\t\t\t<div class=\"elementor-column elementor-col-100 elementor-top-column elementor-element elementor-element-a0fe3d4\" data-id=\"a0fe3d4\" data-element_type=\"column\">\n\t\t\t<div class=\"elementor-column-wrap elementor-element-populated\">\n\t\t\t\t\t\t\t<div class=\"elementor-widget-wrap\">\n\t\t\t\t\t\t<div class=\"elementor-element elementor-element-e6fcabe elementor-widget elementor-widget-heading\" data-id=\"e6fcabe\" data-element_type=\"widget\" data-widget_type=\"heading.default\">\n\t\t\t\t<div class=\"elementor-widget-container\">\n\t\t\t<h1 class=\"elementor-heading-title elementor-size-default\">BANQUEROS DE INVERSI\u00d3N<\/h1>\t\t<\/div>\n\t\t\t\t<\/div>\n\t\t\t\t<div class=\"elementor-element elementor-element-8c67dc1 elementor-widget elementor-widget-spacer\" data-id=\"8c67dc1\" data-element_type=\"widget\" data-widget_type=\"spacer.default\">\n\t\t\t\t<div class=\"elementor-widget-container\">\n\t\t\t\t\t<div class=\"elementor-spacer\">\n\t\t\t<div class=\"elementor-spacer-inner\"><\/div>\n\t\t<\/div>\n\t\t\t\t<\/div>\n\t\t\t\t<\/div>\n\t\t\t\t<div class=\"elementor-element elementor-element-17f6312 elementor-position-left elementor-vertical-align-top elementor-widget elementor-widget-image-box\" data-id=\"17f6312\" data-element_type=\"widget\" data-widget_type=\"image-box.default\">\n\t\t\t\t<div class=\"elementor-widget-container\">\n\t\t\t<div class=\"elementor-image-box-wrapper\"><figure class=\"elementor-image-box-img\"><img width=\"37\" height=\"36\" src=\"http:\/\/axion-cap.com\/web\/wp-content\/uploads\/2021\/01\/bullet.png\" class=\"attachment-full size-full\" alt=\"\" loading=\"lazy\" \/><\/figure><div class=\"elementor-image-box-content\"><div class=\"elementor-image-box-title\">FUSIONES Y ADQUISICIONES<\/div><p class=\"elementor-image-box-description\">Promovemos la venta, fusi\u00f3n, alianzas y compra de empresas  <span style=\"font-weight:bold\">empresas para cumplir con los objetivos de sus due\u00f1os;  <\/span> para lograr esto, diagnosticamos a la empresa ejecutando una <span style=\"font-weight:bold;\">debida diligencia <\/span> de compra para <span style=\"font-weight:bold;\">determinar los puntos a revisar para mejorar condiciones y precios al vender fusionar, aliar o comprar negocios. <\/span><\/p><\/div><\/div>\t\t<\/div>\n\t\t\t\t<\/div>\n\t\t\t\t<div class=\"elementor-element elementor-element-4adc3a9 elementor-position-left elementor-vertical-align-top elementor-widget elementor-widget-image-box\" data-id=\"4adc3a9\" data-element_type=\"widget\" data-widget_type=\"image-box.default\">\n\t\t\t\t<div class=\"elementor-widget-container\">\n\t\t\t<div class=\"elementor-image-box-wrapper\"><figure class=\"elementor-image-box-img\"><img width=\"37\" height=\"36\" src=\"http:\/\/axion-cap.com\/web\/wp-content\/uploads\/2021\/01\/bullet.png\" class=\"attachment-full size-full\" alt=\"\" loading=\"lazy\" \/><\/figure><div class=\"elementor-image-box-content\"><div class=\"elementor-image-box-title\">FINANZAS CORPORATIVAS<\/div><p class=\"elementor-image-box-description\"><span style='font-weight:bold'>Apoyamos a las empresas para administrar <\/span> las fuentes de <span style='font-weight:bold'> financiamiento, la estructuraci\u00f3n de capital y las decisiones de inversi\u00f3n, <\/span> con la intensi\u00f3n de maximizar el valor para los accionistas mediante la planificaci\u00f3n financiera a largo y corto plazo y la implementaci\u00f3n de diversas estrategias.\n<\/p><\/div><\/div>\t\t<\/div>\n\t\t\t\t<\/div>\n\t\t\t\t<div class=\"elementor-element elementor-element-0fc5c11 elementor-position-left elementor-vertical-align-top elementor-widget elementor-widget-image-box\" data-id=\"0fc5c11\" data-element_type=\"widget\" data-widget_type=\"image-box.default\">\n\t\t\t\t<div class=\"elementor-widget-container\">\n\t\t\t<div class=\"elementor-image-box-wrapper\"><figure class=\"elementor-image-box-img\"><img width=\"37\" height=\"36\" src=\"http:\/\/axion-cap.com\/web\/wp-content\/uploads\/2021\/01\/bullet.png\" class=\"attachment-full size-full\" alt=\"\" loading=\"lazy\" \/><\/figure><div class=\"elementor-image-box-content\"><div class=\"elementor-image-box-title\">CAPITAL DE RIESGO Y CAPITAL PRIVADO<\/div><p class=\"elementor-image-box-description\"><span style='font-weight:bold'>Preparamos a las empresas para solicitar inversionistas <\/span> con Capital de Riesgo (Venture Capital) o Capital Privado, dependiendo de la etapa de desarrollo en la cual se encuentre la empresa. Utilizamos nuestra experiencia y servicios como asesores de negocios para  <span style='font-weight:bold'>potenciar a la empresa y que est\u00e9 lista para solicitar<\/span> este tipo de inyecciones de capital y as\u00ed poder reportar y dar los resultados que los fondos requieren.<\/p><\/div><\/div>\t\t<\/div>\n\t\t\t\t<\/div>\n\t\t\t\t<div class=\"elementor-element elementor-element-9396f94 elementor-position-left elementor-vertical-align-top elementor-widget elementor-widget-image-box\" data-id=\"9396f94\" data-element_type=\"widget\" data-widget_type=\"image-box.default\">\n\t\t\t\t<div class=\"elementor-widget-container\">\n\t\t\t<div class=\"elementor-image-box-wrapper\"><figure class=\"elementor-image-box-img\"><img width=\"37\" height=\"36\" src=\"http:\/\/axion-cap.com\/web\/wp-content\/uploads\/2021\/01\/bullet.png\" class=\"attachment-full size-full\" alt=\"\" loading=\"lazy\" \/><\/figure><div class=\"elementor-image-box-content\"><div class=\"elementor-image-box-title\">ESTRUCTURACI\u00d3N DE FINANCIAMIENTO<\/div><p class=\"elementor-image-box-description\"><span style=\"font-weight:bold\">Proponemos la estructura financiera m\u00e1s apropiada para el proyecto o la organizaci\u00f3n, <\/span>&nbsp;encontrando instrumentos financieros disponibles para compa\u00f1\u00edas con necesidades <span style=\"font-weight:bold\"> financieras complejas, <\/span>  las cuales son dif\u00edciles de resolver con  <span style=\"font-weight:bold\">financiamiento <\/span>  convencional, por lo cual usamos  productos financieros<span style=\"font-weight:bold\"> estructurados<\/span> como obligaciones colateralizadas de deuda que no son transferibles.<\/p><\/div><\/div>\t\t<\/div>\n\t\t\t\t<\/div>\n\t\t\t\t<div class=\"elementor-element elementor-element-a69a44d elementor-position-left elementor-vertical-align-top elementor-widget elementor-widget-image-box\" data-id=\"a69a44d\" data-element_type=\"widget\" data-widget_type=\"image-box.default\">\n\t\t\t\t<div class=\"elementor-widget-container\">\n\t\t\t<div class=\"elementor-image-box-wrapper\"><figure class=\"elementor-image-box-img\"><img width=\"37\" height=\"36\" src=\"http:\/\/axion-cap.com\/web\/wp-content\/uploads\/2021\/01\/bullet.png\" class=\"attachment-full size-full\" alt=\"\" loading=\"lazy\" \/><\/figure><div class=\"elementor-image-box-content\"><div class=\"elementor-image-box-title\">DEBIDA DILIGENCIA<\/div><p class=\"elementor-image-box-description\">Ejecutamos para  <span style='font-weight:bold'>nuestros clientes el proceso de investigaci\u00f3n y recopilaci\u00f3n de informaci\u00f3n <\/span> que\u00a0realiza un potencial comprador o inversionista, tras iniciar las primeras negociaciones de adquisici\u00f3n de una empresa, \n<span style='font-weight:bold'> determinando los riesgos<\/span> reales que enfrenta la compa\u00f1\u00eda y\u00a0<span style='font-weight:bold'>\nanalizando la realidad de su situaci\u00f3n econ\u00f3mica, legal\u00a0y financiera.<\/span>\n<\/p><\/div><\/div>\t\t<\/div>\n\t\t\t\t<\/div>\n\t\t\t\t\t\t<\/div>\n\t\t\t\t\t<\/div>\n\t\t<\/div>\n\t\t\t\t\t\t\t\t<\/div>\n\t\t\t\t\t<\/div>\n\t\t<\/section>\n\t\t\t\t\t\t<\/div>\n\t\t\t\t\t\t<\/div>\n\t\t\t\t\t<\/div>\n\t\t","protected":false},"excerpt":{"rendered":"<p>BANQUEROS DE INVERSI<\/p>\n","protected":false},"author":1,"featured_media":0,"parent":0,"menu_order":0,"comment_status":"closed","ping_status":"closed","template":"elementor_header_footer","meta":[],"_links":{"self":[{"href":"http:\/\/axion-cap.com\/web\/index.php?rest_route=\/wp\/v2\/pages\/1339"}],"collection":[{"href":"http:\/\/axion-cap.com\/web\/index.php?rest_route=\/wp\/v2\/pages"}],"about":[{"href":"http:\/\/axion-cap.com\/web\/index.php?rest_route=\/wp\/v2\/types\/page"}],"author":[{"embeddable":true,"href":"http:\/\/axion-cap.com\/web\/index.php?rest_route=\/wp\/v2\/users\/1"}],"replies":[{"embeddable":true,"href":"http:\/\/axion-cap.com\/web\/index.php?rest_route=%2Fwp%2Fv2%2Fcomments&post=1339"}],"version-history":[{"count":11,"href":"http:\/\/axion-cap.com\/web\/index.php?rest_route=\/wp\/v2\/pages\/1339\/revisions"}],"predecessor-version":[{"id":1454,"href":"http:\/\/axion-cap.com\/web\/index.php?rest_route=\/wp\/v2\/pages\/1339\/revisions\/1454"}],"wp:attachment":[{"href":"http:\/\/axion-cap.com\/web\/index.php?rest_route=%2Fwp%2Fv2%2Fmedia&parent=1339"}],"curies":[{"name":"wp","href":"https:\/\/api.w.org\/{rel}","templated":true}]}}